{"id":13105,"date":"2021-09-15T09:42:29","date_gmt":"2021-09-15T09:42:29","guid":{"rendered":"http:\/\/andreagranell.com\/politica-de-privacidad\/"},"modified":"2021-09-15T09:42:29","modified_gmt":"2021-09-15T09:42:29","slug":"politica-de-privacidad","status":"publish","type":"page","link":"https:\/\/andreagranell.com\/es\/politica-de-privacidad\/","title":{"rendered":"Pol\u00edtica de privacidad"},"content":{"rendered":"\t\t<div data-elementor-type=\"wp-page\" data-elementor-id=\"13105\" class=\"elementor elementor-13105 elementor-688\" data-elementor-post-type=\"page\">\n\t\t\t\t\t\t<section class=\"elementor-section elementor-top-section elementor-element elementor-element-220ecdae elementor-section-boxed elementor-section-height-default elementor-section-height-default\" data-id=\"220ecdae\" data-element_type=\"section\">\n\t\t\t\t\t\t<div class=\"elementor-container elementor-column-gap-default\">\n\t\t\t\t\t<div class=\"elementor-column elementor-col-100 elementor-top-column elementor-element elementor-element-c06c10\" data-id=\"c06c10\" data-element_type=\"column\">\n\t\t\t<div class=\"elementor-widget-wrap elementor-element-populated\">\n\t\t\t\t\t\t<div class=\"elementor-element elementor-element-b112f61 elementor-align-left elementor-widget elementor-widget-button\" data-id=\"b112f61\" data-element_type=\"widget\" data-widget_type=\"button.default\">\n\t\t\t\t<div class=\"elementor-widget-container\">\n\t\t\t\t\t\t\t\t\t<div class=\"elementor-button-wrapper\">\n\t\t\t\t\t<a class=\"elementor-button elementor-button-link elementor-size-sm\" href=\"https:\/\/andreagranell.com\/es\/\">\n\t\t\t\t\t\t<span class=\"elementor-button-content-wrapper\">\n\t\t\t\t\t\t<span class=\"elementor-button-icon\">\n\t\t\t\t<i aria-hidden=\"true\" class=\"fas fa-arrow-left\"><\/i>\t\t\t<\/span>\n\t\t\t\t\t\t\t\t\t<span class=\"elementor-button-text\">VOLVER A INCIO<\/span>\n\t\t\t\t\t<\/span>\n\t\t\t\t\t<\/a>\n\t\t\t\t<\/div>\n\t\t\t\t\t\t\t\t<\/div>\n\t\t\t\t<\/div>\n\t\t\t\t<div class=\"elementor-element elementor-element-6be7e1d2 elementor-widget elementor-widget-heading\" data-id=\"6be7e1d2\" data-element_type=\"widget\" data-widget_type=\"heading.default\">\n\t\t\t\t<div class=\"elementor-widget-container\">\n\t\t\t\t\t<h1 class=\"elementor-heading-title elementor-size-default\">POL\u00cdTICA DE PRIVADESA<\/h1>\t\t\t\t<\/div>\n\t\t\t\t<\/div>\n\t\t\t\t<div class=\"elementor-element elementor-element-268e60f5 elementor-widget elementor-widget-heading\" data-id=\"268e60f5\" data-element_type=\"widget\" data-widget_type=\"heading.default\">\n\t\t\t\t<div class=\"elementor-widget-container\">\n\t\t\t\t\t<h2 class=\"elementor-heading-title elementor-size-default\">Protecci\u00f3 de dades<\/h2>\t\t\t\t<\/div>\n\t\t\t\t<\/div>\n\t\t\t\t<div class=\"elementor-element elementor-element-2d797925 elementor-widget elementor-widget-heading\" data-id=\"2d797925\" data-element_type=\"widget\" data-widget_type=\"heading.default\">\n\t\t\t\t<div class=\"elementor-widget-container\">\n\t\t\t\t\t<p class=\"elementor-heading-title elementor-size-default\">La informaci\u00f3 personal que ens faciliti a trav\u00e9s dels diferents formularis, els correus electr\u00f2nics o qualsevol altre mitj\u00e0 que es presenti en aquest lloc web, passar\u00e0 a ser introdu\u00efda en un fitxer automatitzat sota la responsabilitat de Andrea Granell Carol i es mantindr\u00e0 confidencial i protegida . En cap cas es destinar\u00e0 o utilitzar\u00e0 per a altres fins, no es lliurar\u00e0 a terceres persones sense el seu consentiment, d\u2019acord amb els principis de protecci\u00f3 de dades de la llei espanyola LOPD (Llei Org\u00e0nica 15\/1999, de 13 de desembre, de protecci\u00f3 de dades de car\u00e0cter personal i el RD 1720\/2007, de 21 desembre, del Reglament de Desenvolupament).<br><br>Aix\u00ed mateix, i en compliment del Reglament General de Protecci\u00f3 de Dades RGPD 2016\/679 UE, de 27 d\u2019abril de 2016, l\u2019informem que les seves dades personals formen part dels nostres fitxers automatitzats i no automatitzats de Clients, amb la finalitat de: respondre a la petici\u00f3 d\u2019informaci\u00f3 sol\u00b7licitada per vost\u00e8 via nostres formularis de contacte web, prestar el servei contractat, oferir serveis relacionats amb els sol\u00b7licitats, enviar-li informaci\u00f3 de promocions, subscriure\u2019t a la nostra newsletter, comunicar via correu electr\u00f2nic, fidelitzar-te com a client i realitzar els tr\u00e0mits administratius i comptables relacionats amb el seu servei amb nosaltres.Per complir amb les diferents disposicions legals, hem establert diferents nivells de seguretat per protegir les dades personals que ens facilitin, havent adoptat totes les mesures t\u00e8cniques al nostre abast per evitar la p\u00e8rdua, mal \u00fas, alteraci\u00f3, acc\u00e9s no autoritzat i manipulaci\u00f3 d\u2019aquestes dades personals.<br><br>T\u00e9 sempre dret a exercir el seu dret d\u2019acc\u00e9s, rectificaci\u00f3, oposici\u00f3 o cancel\u00b7laci\u00f3 de les dades personals que ens hagi proporcionat. Si aix\u00ed ho desitja, pot posar-se en contacte amb nosaltres, indicant el dret que desitja exercir juntament amb una c\u00f2pia del seu Document d\u2019Identitat a: agranellq@gmail.com.<br><br>Mentre no ens comuniqui el contrari, entendrem que les seves dades no han estat modificades, que vost\u00e8 es compromet a notificar-nos qualsevol variaci\u00f3 i que tenim el consentiment per a utilitzar-los per poder fidelitzar la relaci\u00f3 entre les parts.<\/p>\t\t\t\t<\/div>\n\t\t\t\t<\/div>\n\t\t\t\t<div class=\"elementor-element elementor-element-4b7088a9 elementor-widget elementor-widget-heading\" data-id=\"4b7088a9\" data-element_type=\"widget\" data-widget_type=\"heading.default\">\n\t\t\t\t<div class=\"elementor-widget-container\">\n\t\t\t\t\t<h2 class=\"elementor-heading-title elementor-size-default\">Com exercir els teus drets<\/h2>\t\t\t\t<\/div>\n\t\t\t\t<\/div>\n\t\t\t\t<div class=\"elementor-element elementor-element-674bae2a elementor-widget elementor-widget-heading\" data-id=\"674bae2a\" data-element_type=\"widget\" data-widget_type=\"heading.default\">\n\t\t\t\t<div class=\"elementor-widget-container\">\n\t\t\t\t\t<p class=\"elementor-heading-title elementor-size-default\">Pot dirigir una comunicaci\u00f3 per escrit al domicili social de Andrea Granell Carol o l\u2019adre\u00e7a de correu electr\u00f2nic indicada al principi de l\u2019Av\u00eds Legal, incloent en ambd\u00f3s casos una fotoc\u00f2pia del seu DNI o un altre document identificatiu similar, per sol\u00b7licitar l\u2019exercici dels drets seg\u00fcents:<br>\u2013 <b>Dret a sol\u00b7licitar l\u2019acc\u00e9s a les dades personals: <\/b>Es pot preguntar a Andrea Granell Carol si est\u00e0 tractant les seves dades.<br>\u2013 <b>Dret a sol\u00b7licitar la seva rectificaci\u00f3<\/b> (en cas que siguin incorrectes).<br>\u2013 <b>Dret a sol\u00b7licitar la limitaci\u00f3 del seu tractament<\/b> , en aquest cas nom\u00e9s seran conservats per Andrea Granell Carol en l\u2019exercici o defensa de reclamacions.<br>\u2013 <b>Dret a oposar-se al tractament: <\/b>Andrea Granell Carol deixar\u00e0 de tractar les seves dades de la forma que indiqui, llevat que per motius leg\u00edtims imperiosos o l\u2019exercici o la defensa de possibles reclamacions, calgui seguir tractant.<br>\u2013 <b>Dret a la portabilitat de les dades:<\/b> En el cas que vulgui que les seves dades siguin tractades per una altra firma, Andrea Granell Carol li facilitar\u00e0 la portabilitat de les dades al nou responsable.<br>\u2013 <b>Dret a l\u2019eliminaci\u00f3 de les dades:<\/b> Tindr\u00e0 dret a demanar que s\u2019eliminin completament les dades tret que per imperatius legals s\u2019esborrin despr\u00e9s de la seva confirmaci\u00f3. Podeu trobar m\u00e9s informaci\u00f3 sobre models, formularis i m\u00e9s informaci\u00f3 sobre els seus drets visiti p\u00e0gina oficial de la Ag\u00e8ncia Espanyola de Protecci\u00f3 de Dades.<br>\u2013 <b>Possibilitat de retirar el consentiment:<\/b> en el cas que hi hagi atorgat el consentiment per a alguna finalitat espec\u00edfica, t\u00e9 dret a retirar-lo en qualsevol moment, sense que aix\u00f2 afecti la licitud del tractament basat en el consentiment previ a la seva retirada.<br>\u2013 <b>Com reclamar davant l\u2019Autoritat de Control. <\/b>Si considera que hi ha un problema amb la forma en qu\u00e8 Andrea Granell Carol est\u00e0 tractant les seves dades, pot dirigir les seves reclamacions al responsable de seguretat de andreagranell.com (indicat a dalt) o l\u2019autoritat de protecci\u00f3 de dades que correspongui, sent el Ag\u00e8ncia Espanyola de Protecci\u00f3 de Dades, la indicada en el cas d\u2019Espanya.<br>\u2013 <b>Dret a l\u2019oblit i acc\u00e9s a les seves dades personals<\/b>. En tot moment tindr\u00e0 dret a revisar, recuperar, anonimitzar i \/ o esborrar, totalment o parcialment, les dades emmagatzemades en el lloc web. Nom\u00e9s ha d\u2019enviar un correu electr\u00f2nic a agranellq@gmail.com i sol\u00b7licitar-ho.<\/p>\t\t\t\t<\/div>\n\t\t\t\t<\/div>\n\t\t\t\t<div class=\"elementor-element elementor-element-5aeee74b elementor-widget elementor-widget-heading\" data-id=\"5aeee74b\" data-element_type=\"widget\" data-widget_type=\"heading.default\">\n\t\t\t\t<div class=\"elementor-widget-container\">\n\t\t\t\t\t<h2 class=\"elementor-heading-title elementor-size-default\">Quina informaci\u00f3 recollim dels usuaris i per qu\u00e8 la fem servir?<\/h2>\t\t\t\t<\/div>\n\t\t\t\t<\/div>\n\t\t\t\t<div class=\"elementor-element elementor-element-2bc68cdd elementor-widget elementor-widget-heading\" data-id=\"2bc68cdd\" data-element_type=\"widget\" data-widget_type=\"heading.default\">\n\t\t\t\t<div class=\"elementor-widget-container\">\n\t\t\t\t\t<p class=\"elementor-heading-title elementor-size-default\">Tots els productes i serveis oferts en el lloc web andreagranell.com remeten a formularis de contacte.<br>\u2013 Aquest lloc web sempre requereix el consentiment previ dels usuaris per tractar les seves dades personals amb les finalitats indicades.<br>\u2013 T\u00e9 dret a revocar el seu consentiment previ en qualsevol moment.<\/p>\t\t\t\t<\/div>\n\t\t\t\t<\/div>\n\t\t\t\t<div class=\"elementor-element elementor-element-7c14acdb elementor-widget elementor-widget-heading\" data-id=\"7c14acdb\" data-element_type=\"widget\" data-widget_type=\"heading.default\">\n\t\t\t\t<div class=\"elementor-widget-container\">\n\t\t\t\t\t<h2 class=\"elementor-heading-title elementor-size-default\">Xarxes socials<\/h2>\t\t\t\t<\/div>\n\t\t\t\t<\/div>\n\t\t\t\t<div class=\"elementor-element elementor-element-554d30b0 elementor-widget elementor-widget-heading\" data-id=\"554d30b0\" data-element_type=\"widget\" data-widget_type=\"heading.default\">\n\t\t\t\t<div class=\"elementor-widget-container\">\n\t\t\t\t\t<p class=\"elementor-heading-title elementor-size-default\"><b>Pres\u00e8ncia en xarxes:<\/b> andreagranell.com compta amb perfils en algunes de les principals xarxes socials d\u2019Internet.<br><b>Finalitat i legitimaci\u00f3:<\/b> El tractament que andreagranell.com dur\u00e0 a terme amb les dades dins de cadascuna de les referides xarxes ser\u00e0, com a m\u00e0xim, el que la xarxa social permeti als perfils corporatius. Aix\u00ed doncs, andreagranell.com podr\u00e0 informar, quan la llei no ho prohibeixi, als seus seguidors per qualsevol via que la xarxa social permeti sobre les seves activitats, pon\u00e8ncies, ofertes i prestar servei personalitzat d\u2019atenci\u00f3 al client.<br><b>Extracci\u00f3 de dades:<\/b> En cap cas andreagranell.com, extraur\u00e0 dades de les xarxes socials, llevat que s\u2019obtingu\u00e9s puntualment i expressament consentiment.<br><b>Drets: <\/b>Quan, a causa de la pr\u00f2pia naturalesa de les xarxes socials, l\u2019exercici efectiu dels drets de protecci\u00f3 de dades del seguidor quedi supeditat a la modificaci\u00f3 del perfil personal d\u2019aquest, andreagranell.com l\u2019ajudar\u00e0 i aconsellar\u00e0 en la mesura de les seves possibilitats.m<\/p>\t\t\t\t<\/div>\n\t\t\t\t<\/div>\n\t\t\t\t<div class=\"elementor-element elementor-element-7179a480 elementor-widget elementor-widget-heading\" data-id=\"7179a480\" data-element_type=\"widget\" data-widget_type=\"heading.default\">\n\t\t\t\t<div class=\"elementor-widget-container\">\n\t\t\t\t\t<h2 class=\"elementor-heading-title elementor-size-default\">Llei aplicable i jurisdicci\u00f3<\/h2>\t\t\t\t<\/div>\n\t\t\t\t<\/div>\n\t\t\t\t<div class=\"elementor-element elementor-element-6aa808f6 elementor-widget elementor-widget-heading\" data-id=\"6aa808f6\" data-element_type=\"widget\" data-widget_type=\"heading.default\">\n\t\t\t\t<div class=\"elementor-widget-container\">\n\t\t\t\t\t<p class=\"elementor-heading-title elementor-size-default\">Amb car\u00e0cter general les relacions entre andreagranell.com amb els usuaris dels seus serveis telem\u00e0tics, presents en aquest lloc web, es troben sotmeses a la legislaci\u00f3 i jurisdicci\u00f3 espanyoles.<\/p>\t\t\t\t<\/div>\n\t\t\t\t<\/div>\n\t\t\t\t\t<\/div>\n\t\t<\/div>\n\t\t\t\t\t<\/div>\n\t\t<\/section>\n\t\t\t\t<\/div>\n\t\t","protected":false},"excerpt":{"rendered":"<p>VOLVER A INCIO POL\u00cdTICA DE PRIVADESA Protecci\u00f3 de dades La informaci\u00f3 personal que ens faciliti a trav\u00e9s dels diferents formularis, els correus electr\u00f2nics o qualsevol altre mitj\u00e0 que es presenti en aquest lloc web, passar\u00e0 a ser introdu\u00efda en un fitxer automatitzat sota la responsabilitat de Andrea Granell Carol i es mantindr\u00e0 confidencial i protegida &hellip; <\/p>\n<p class=\"link-more\"><a href=\"https:\/\/andreagranell.com\/es\/politica-de-privacidad\/\" class=\"more-link\">Seguir leyendo<span class=\"screen-reader-text\"> \u00abPol\u00edtica de privacidad\u00bb<\/span><\/a><\/p>\n","protected":false},"author":1,"featured_media":0,"parent":0,"menu_order":0,"comment_status":"closed","ping_status":"closed","template":"elementor_header_footer","meta":{"inline_featured_image":false,"_monsterinsights_skip_tracking":false,"_monsterinsights_sitenote_active":false,"_monsterinsights_sitenote_note":"","_monsterinsights_sitenote_category":0,"footnotes":""},"class_list":["post-13105","page","type-page","status-publish","hentry","entry"],"_links":{"self":[{"href":"https:\/\/andreagranell.com\/es\/wp-json\/wp\/v2\/pages\/13105","targetHints":{"allow":["GET"]}}],"collection":[{"href":"https:\/\/andreagranell.com\/es\/wp-json\/wp\/v2\/pages"}],"about":[{"href":"https:\/\/andreagranell.com\/es\/wp-json\/wp\/v2\/types\/page"}],"author":[{"embeddable":true,"href":"https:\/\/andreagranell.com\/es\/wp-json\/wp\/v2\/users\/1"}],"replies":[{"embeddable":true,"href":"https:\/\/andreagranell.com\/es\/wp-json\/wp\/v2\/comments?post=13105"}],"version-history":[{"count":1,"href":"https:\/\/andreagranell.com\/es\/wp-json\/wp\/v2\/pages\/13105\/revisions"}],"predecessor-version":[{"id":13106,"href":"https:\/\/andreagranell.com\/es\/wp-json\/wp\/v2\/pages\/13105\/revisions\/13106"}],"wp:attachment":[{"href":"https:\/\/andreagranell.com\/es\/wp-json\/wp\/v2\/media?parent=13105"}],"curies":[{"name":"wp","href":"https:\/\/api.w.org\/{rel}","templated":true}]}}