{"id":13095,"date":"2021-09-15T09:35:04","date_gmt":"2021-09-15T09:35:04","guid":{"rendered":"http:\/\/andreagranell.com\/avis-legal\/"},"modified":"2021-09-15T09:54:19","modified_gmt":"2021-09-15T09:54:19","slug":"aviso-legal","status":"publish","type":"page","link":"https:\/\/andreagranell.com\/es\/aviso-legal\/","title":{"rendered":"Aviso legal"},"content":{"rendered":"\t\t<div data-elementor-type=\"wp-page\" data-elementor-id=\"13095\" class=\"elementor elementor-13095 elementor-722\" data-elementor-post-type=\"page\">\n\t\t\t\t\t\t<section class=\"elementor-section elementor-top-section elementor-element elementor-element-a7c9beb elementor-section-boxed elementor-section-height-default elementor-section-height-default\" data-id=\"a7c9beb\" data-element_type=\"section\">\n\t\t\t\t\t\t<div class=\"elementor-container elementor-column-gap-default\">\n\t\t\t\t\t<div class=\"elementor-column elementor-col-100 elementor-top-column elementor-element elementor-element-592cca8\" data-id=\"592cca8\" data-element_type=\"column\">\n\t\t\t<div class=\"elementor-widget-wrap elementor-element-populated\">\n\t\t\t\t\t\t<div class=\"elementor-element elementor-element-d7c121a elementor-align-left elementor-widget elementor-widget-button\" data-id=\"d7c121a\" data-element_type=\"widget\" data-widget_type=\"button.default\">\n\t\t\t\t<div class=\"elementor-widget-container\">\n\t\t\t\t\t\t\t\t\t<div class=\"elementor-button-wrapper\">\n\t\t\t\t\t<a class=\"elementor-button elementor-button-link elementor-size-sm\" href=\"https:\/\/andreagranell.com\/es\/\">\n\t\t\t\t\t\t<span class=\"elementor-button-content-wrapper\">\n\t\t\t\t\t\t<span class=\"elementor-button-icon\">\n\t\t\t\t<i aria-hidden=\"true\" class=\"fas fa-arrow-left\"><\/i>\t\t\t<\/span>\n\t\t\t\t\t\t\t\t\t<span class=\"elementor-button-text\">VOLVER A INCIO<\/span>\n\t\t\t\t\t<\/span>\n\t\t\t\t\t<\/a>\n\t\t\t\t<\/div>\n\t\t\t\t\t\t\t\t<\/div>\n\t\t\t\t<\/div>\n\t\t\t\t<div class=\"elementor-element elementor-element-bb7ea2c elementor-widget elementor-widget-heading\" data-id=\"bb7ea2c\" data-element_type=\"widget\" data-widget_type=\"heading.default\">\n\t\t\t\t<div class=\"elementor-widget-container\">\n\t\t\t\t\t<h3 class=\"elementor-heading-title elementor-size-default\">CONDICIONS D\u2019\u00daS<\/h3>\t\t\t\t<\/div>\n\t\t\t\t<\/div>\n\t\t\t\t<div class=\"elementor-element elementor-element-4c2ad04 elementor-widget elementor-widget-text-editor\" data-id=\"4c2ad04\" data-element_type=\"widget\" data-widget_type=\"text-editor.default\">\n\t\t\t\t<div class=\"elementor-widget-container\">\n\t\t\t\t\t\t\t\t\t<p>En compliment de la Llei 34\/2002, de 11 de juliol, de serveis de la societat de la informaci\u00f3 i de comer\u00e7 electr\u00f2nic, l\u2019informem que l&#8217;Andrea Granell \u00e9s la titular del lloc web https:\/\/www.andreagraenell.com amb domicili a C\/Guillem Tell 32, \u00e0tic 3\u00aa Barcelona (08006), amb NIF 46358719B, Espanya. Pot contactar amb nosaltres a agranellq@gmail.com.<\/p>\n\t\t\t\t\t\t\t\t<\/div>\n\t\t\t\t<\/div>\n\t\t\t\t<div class=\"elementor-element elementor-element-0f21a0e elementor-widget elementor-widget-heading\" data-id=\"0f21a0e\" data-element_type=\"widget\" data-widget_type=\"heading.default\">\n\t\t\t\t<div class=\"elementor-widget-container\">\n\t\t\t\t\t<h3 class=\"elementor-heading-title elementor-size-default\">LIMITACI\u00d3 DE LA RESPONSABILITAT<\/h3>\t\t\t\t<\/div>\n\t\t\t\t<\/div>\n\t\t\t\t<div class=\"elementor-element elementor-element-2f04913 elementor-widget elementor-widget-text-editor\" data-id=\"2f04913\" data-element_type=\"widget\" data-widget_type=\"text-editor.default\">\n\t\t\t\t<div class=\"elementor-widget-container\">\n\t\t\t\t\t\t\t\t\t<p>L&#8217;Andrea Granell no es responsabilitza del mal \u00fas que es realitzi dels continguts de la seva p\u00e0gina web, sent exclusiva responsabilitat de la persona que accedeix a ells o que els utilitza.<\/p>\n<p>L&#8217;Andrea Granell declara haver adoptat totes les mesures necess\u00e0ries per evitar qualsevol dany que, als usuaris del seu lloc web, pogu\u00e9s derivar-se de la navegaci\u00f3 per la seva p\u00e0gina web. En conseq\u00fc\u00e8ncia, l&#8217;Andrea Granell no es fa responsable, en cap cas, dels eventuals danys que per la navegaci\u00f3 a Internet pogu\u00e9s patir l\u2019usuari.<\/p>\n\t\t\t\t\t\t\t\t<\/div>\n\t\t\t\t<\/div>\n\t\t\t\t<div class=\"elementor-element elementor-element-f5e178a elementor-widget elementor-widget-heading\" data-id=\"f5e178a\" data-element_type=\"widget\" data-widget_type=\"heading.default\">\n\t\t\t\t<div class=\"elementor-widget-container\">\n\t\t\t\t\t<h3 class=\"elementor-heading-title elementor-size-default\">POL\u00cdTICA D'ENLLA\u00c7OS<\/h3>\t\t\t\t<\/div>\n\t\t\t\t<\/div>\n\t\t\t\t<div class=\"elementor-element elementor-element-80d6cd8 elementor-widget elementor-widget-text-editor\" data-id=\"80d6cd8\" data-element_type=\"widget\" data-widget_type=\"text-editor.default\">\n\t\t\t\t<div class=\"elementor-widget-container\">\n\t\t\t\t\t\t\t\t\t<p style=\"color: #2a002a;\">L&#8217;Andrea Granell no es fa responsable del contingut ni de la informaci\u00f3 de les p\u00e0gines web de tercers a les que l\u2019usuari pugui accedir a trav\u00e9s dels enlla\u00e7os establerts en el nostre lloc web. Aix\u00ed mateix, tampoc garantir\u00e0 la disponibilitat t\u00e8cnica, exactitud, veracitat, validesa o legalitat de p\u00e0gines alienes a la seva propietat a les que es pugui accedir per mitj\u00e0 dels enlla\u00e7os.<\/p>\n<p style=\"color: #2a002a;\">L&#8217;Andrea Granell no es fa responsable del contingut ni de la informaci\u00f3 de les p\u00e0gines web de tercers a les que l\u2019usuari pugui accedir a trav\u00e9s dels enlla\u00e7os establerts en el nostre lloc web. Aix\u00ed mateix, tampoc garantir\u00e0 la disponibilitat t\u00e8cnica, exactitud, veracitat, validesa o legalitat de p\u00e0gines alienes a la seva propietat a les que es pugui accedir per mitj\u00e0 dels enlla\u00e7os.<\/p>\n\t\t\t\t\t\t\t\t<\/div>\n\t\t\t\t<\/div>\n\t\t\t\t<div class=\"elementor-element elementor-element-298641d elementor-widget elementor-widget-heading\" data-id=\"298641d\" data-element_type=\"widget\" data-widget_type=\"heading.default\">\n\t\t\t\t<div class=\"elementor-widget-container\">\n\t\t\t\t\t<h3 class=\"elementor-heading-title elementor-size-default\">MODIFICACIONS<\/h3>\t\t\t\t<\/div>\n\t\t\t\t<\/div>\n\t\t\t\t<div class=\"elementor-element elementor-element-6356b9b elementor-widget elementor-widget-text-editor\" data-id=\"6356b9b\" data-element_type=\"widget\" data-widget_type=\"text-editor.default\">\n\t\t\t\t<div class=\"elementor-widget-container\">\n\t\t\t\t\t\t\t\t\t<p>L&#8217;Andrea Granell es reserva el dret de realitzar les modificacions que consideri oportunes, sense av\u00eds previ, del contingut del seu lloc web, tant pel que fa als continguts del web, com en les condicions d\u2019\u00fas de la mateixa.<\/p>\n\t\t\t\t\t\t\t\t<\/div>\n\t\t\t\t<\/div>\n\t\t\t\t<div class=\"elementor-element elementor-element-a8e4b4e elementor-widget elementor-widget-heading\" data-id=\"a8e4b4e\" data-element_type=\"widget\" data-widget_type=\"heading.default\">\n\t\t\t\t<div class=\"elementor-widget-container\">\n\t\t\t\t\t<h3 class=\"elementor-heading-title elementor-size-default\">COMPROMISOS I OBLIGACIONS AMB ELS NOSTRES USUARIS<\/h3>\t\t\t\t<\/div>\n\t\t\t\t<\/div>\n\t\t\t\t<div class=\"elementor-element elementor-element-15a4462 elementor-widget elementor-widget-text-editor\" data-id=\"15a4462\" data-element_type=\"widget\" data-widget_type=\"text-editor.default\">\n\t\t\t\t<div class=\"elementor-widget-container\">\n\t\t\t\t\t\t\t\t\t<p>L&#8217; usuari queda informat i accepta, que l\u2019acc\u00e9s a www.andreagranell.com no suposa, de cap manera, l\u2019inici d\u2019una relaci\u00f3 comercial amb l&#8217;Andrea Granell . D\u2019aquesta manera, l\u2019usuari es compromet a utilitzar el lloc web, els seus serveis i continguts sense contravenir la legislaci\u00f3 vigent, la bona fe i l\u2019ordre p\u00fablic. Queda prohibit l\u2019\u00fas del web amb finalitats il\u00b7l\u00edcites o lesius, o que, de qualsevol forma, puguin causar perjudici o impedir el normal funcionament del lloc web.<\/p>\n<p>L\u2019acc\u00e9s i \/ o \u00fas de la p\u00e0gina web www.andreagranell.com que s\u2019atribueix a qui ho realitza la condici\u00f3 d\u2019usuari, acceptant, des d\u2019aquest mateix moment, plenament i sense reserva alguna, el present Av\u00eds Legal en relaci\u00f3 amb determinats serveis i continguts.<\/p>\n<p>En la utilitzaci\u00f3 del web de l&#8217;Andrea Granell , l\u2019usuari es compromet a no dur a terme cap conducta que pogu\u00e9s danyar la imatge, els interessos i els drets de l&#8217;Andrea Granell o de tercers o que pogu\u00e9s danyar, inutilitzar o sobrecarregar la web que imped\u00eds, de qualsevol forma, la normal utilitzaci\u00f3 del web\u00a0<span style=\"font-weight: var( --e-global-typography-text-font-weight );\">www.andreagranell.com<\/span><span style=\"font-weight: var( --e-global-typography-text-font-weight );\">.<\/span><\/p>\n\t\t\t\t\t\t\t\t<\/div>\n\t\t\t\t<\/div>\n\t\t\t\t<div class=\"elementor-element elementor-element-6ccb267 elementor-widget elementor-widget-heading\" data-id=\"6ccb267\" data-element_type=\"widget\" data-widget_type=\"heading.default\">\n\t\t\t\t<div class=\"elementor-widget-container\">\n\t\t\t\t\t<h3 class=\"elementor-heading-title elementor-size-default\">PROPIETAT INTEL\u00b7LECTUAL I DRETS D\u2019AUTOR<\/h3>\t\t\t\t<\/div>\n\t\t\t\t<\/div>\n\t\t\t\t<div class=\"elementor-element elementor-element-4f9e684 elementor-widget elementor-widget-text-editor\" data-id=\"4f9e684\" data-element_type=\"widget\" data-widget_type=\"text-editor.default\">\n\t\t\t\t<div class=\"elementor-widget-container\">\n\t\t\t\t\t\t\t\t\t<p>\nAquesta web combina contingut propi amb imatges de lliure \u00fas i difusi\u00f3. Aquest tipus d\u2019imatges poden ser substitu\u00efdes a mesura que&nbsp;<span style=\"color: rgb(0, 0, 0);\">l&#8217;Andrea Granell<\/span>&nbsp;generi m\u00e9s contingut propi amb la seva activitat.<\/p>\n<p>Els continguts que s\u00f3n mostrats en aquesta web i en especial els dissenys, textos, imatges o fotografies de projectes, gr\u00e0fics, logos, icones, botons, noms comercials, marques o qualsevol altre signe susceptible d\u2019utilitzaci\u00f3 a nivell comercial o industrial, estan subjectes a la legislaci\u00f3 en mat\u00e8ria de propietat intel\u00b7lectual i industrial i s\u00f3n de propietat de&nbsp;<span style=\"color: rgb(0, 0, 0);\">l&#8217;Andrea Granell<\/span>&nbsp;o d\u2019aquells tercers titulars que hagin autoritzat degudament la seva inclusi\u00f3 en aquesta web.<\/p>\n<p>En cap s\u2019entendr\u00e0 concedida llic\u00e8ncia alguna o ren\u00fancia, transmissi\u00f3, cessi\u00f3 total o parcial d\u2019aquests drets ni concessi\u00f3 de dret ni expectativa de dret, i especialment, d\u2019alteraci\u00f3, explotaci\u00f3, reproducci\u00f3, distribuci\u00f3 o comunicaci\u00f3 p\u00fablica sobre aquests continguts sense la pr\u00e8via autoritzaci\u00f3 expressa de&nbsp;<span style=\"color: rgb(0, 0, 0);\">l&#8217;Andrea Granell<\/span>. D\u2019altra banda, mitjan\u00e7ant les presents conclusions, l\u2019usuari s\u2019obliga a no reproduir de cap manera aquesta Web aix\u00ed com cap dels seus continguts, excepte autoritzaci\u00f3 expressa i per escrit de&nbsp;<span style=\"color: rgb(0, 0, 0); font-weight: var( --e-global-typography-text-font-weight );\">l&#8217;Andrea Granell<\/span><span style=\"font-weight: var( --e-global-typography-text-font-weight );\">. L<\/span><span style=\"font-weight: var( --e-global-typography-text-font-weight ); color: rgb(0, 0, 0);\">&#8216;Andrea Granell<\/span><span style=\"font-weight: var( --e-global-typography-text-font-weight );\">&nbsp;no pot controlar la informaci\u00f3, continguts, productes o serveis facilitats per altres llocs web que tinguin establerts enlla\u00e7os amb destinaci\u00f3 a aquesta web. Per aquest motiu, no ens fem responsables de qualsevol aspecte relatiu a aquests llocs webs.<\/span><\/p>\n\t\t\t\t\t\t\t\t<\/div>\n\t\t\t\t<\/div>\n\t\t\t\t\t<\/div>\n\t\t<\/div>\n\t\t\t\t\t<\/div>\n\t\t<\/section>\n\t\t\t\t<\/div>\n\t\t","protected":false},"excerpt":{"rendered":"<p>VOLVER A INCIO CONDICIONS D\u2019\u00daS En compliment de la Llei 34\/2002, de 11 de juliol, de serveis de la societat de la informaci\u00f3 i de comer\u00e7 electr\u00f2nic, l\u2019informem que l&#8217;Andrea Granell \u00e9s la titular del lloc web https:\/\/www.andreagraenell.com amb domicili a C\/Guillem Tell 32, \u00e0tic 3\u00aa Barcelona (08006), amb NIF 46358719B, Espanya. Pot contactar amb &hellip; <\/p>\n<p class=\"link-more\"><a href=\"https:\/\/andreagranell.com\/es\/aviso-legal\/\" class=\"more-link\">Seguir leyendo<span class=\"screen-reader-text\"> \u00abAviso legal\u00bb<\/span><\/a><\/p>\n","protected":false},"author":1,"featured_media":0,"parent":0,"menu_order":0,"comment_status":"closed","ping_status":"closed","template":"elementor_header_footer","meta":{"inline_featured_image":false,"_monsterinsights_skip_tracking":false,"_monsterinsights_sitenote_active":false,"_monsterinsights_sitenote_note":"","_monsterinsights_sitenote_category":0,"footnotes":""},"class_list":["post-13095","page","type-page","status-publish","hentry","entry"],"_links":{"self":[{"href":"https:\/\/andreagranell.com\/es\/wp-json\/wp\/v2\/pages\/13095","targetHints":{"allow":["GET"]}}],"collection":[{"href":"https:\/\/andreagranell.com\/es\/wp-json\/wp\/v2\/pages"}],"about":[{"href":"https:\/\/andreagranell.com\/es\/wp-json\/wp\/v2\/types\/page"}],"author":[{"embeddable":true,"href":"https:\/\/andreagranell.com\/es\/wp-json\/wp\/v2\/users\/1"}],"replies":[{"embeddable":true,"href":"https:\/\/andreagranell.com\/es\/wp-json\/wp\/v2\/comments?post=13095"}],"version-history":[{"count":9,"href":"https:\/\/andreagranell.com\/es\/wp-json\/wp\/v2\/pages\/13095\/revisions"}],"predecessor-version":[{"id":13128,"href":"https:\/\/andreagranell.com\/es\/wp-json\/wp\/v2\/pages\/13095\/revisions\/13128"}],"wp:attachment":[{"href":"https:\/\/andreagranell.com\/es\/wp-json\/wp\/v2\/media?parent=13095"}],"curies":[{"name":"wp","href":"https:\/\/api.w.org\/{rel}","templated":true}]}}